{"id":231,"date":"2018-06-23T13:57:33","date_gmt":"2018-06-23T11:57:33","guid":{"rendered":"http:\/\/clementine-damoiseau-dentiste.be\/?page_id=2"},"modified":"2018-06-23T13:57:33","modified_gmt":"2018-06-23T11:57:33","slug":"a-propos-dentiste-philippeville","status":"publish","type":"page","link":"https:\/\/www.clementine-damoiseau-dentiste.be\/","title":{"rendered":"Cl\u00e9mentine Damoiseau &#8211; Dentiste G\u00e9n\u00e9raliste \u00e0 Philippeville"},"content":{"rendered":"\n<div class=\"wp-block-buttons is-layout-flex wp-block-buttons-is-layout-flex\">\n<div class=\"wp-block-button is-style-fill\"><a class=\"wp-block-button__link\" href=\"http:\/\/agenda.mobminder.com\/dentistedamoiseau\" target=\"_blank\" rel=\"noreferrer noopener\"><span class=\"has-inline-color has-white-color\">Prendre rendez-vous<\/span> au cabinet de Franchimont (Philippeville)<\/a><\/div>\n<\/div>\n\n\n<h1>Curriculum<\/h1>\n<p>Master en Sciences Dentaires Universit\u00e9 Catholique de Louvain<br>Pratique en cabinet dentaire priv\u00e9 depuis 2014 en tant que dentiste g\u00e9n\u00e9raliste.<\/p>\n<h1>Philosophie<\/h1>\n<p>Je privil\u00e9gie une <strong>approche prophylactique et globale<\/strong> de ma profession afin de pr\u00e9venir autant que possible l&rsquo;apparition de<strong>&nbsp;pathologies<\/strong> bucco-dentaires, et ce, d\u00e8s le plus jeune \u00e2ge.<br>Pourquoi effectuer un traitement lourd et co\u00fbteux quand il est possible de l&rsquo;<strong>\u00e9viter facilement<\/strong> ?<\/p>\n<p>Ma passion pour mon m\u00e9tier vous garantit des <strong>soins de qualit\u00e9<\/strong> pour toute la famille, enfants, parents et grands-parents de 2 \u00e0 99 ans : <strong>minutie<\/strong>, <strong>hygi\u00e8ne<\/strong> et <strong>ponctualit\u00e9<\/strong> seront au rendez-vous.<\/p>\n<p>Enfin, je mets au service de mon m\u00e9tier ma <strong>capacit\u00e9 d&rsquo;\u00e9coute<\/strong>&nbsp;afin d&rsquo;assurer des <strong>soins adapt\u00e9s<\/strong> \u00e0 chaque patient.<\/p>","protected":false},"excerpt":{"rendered":"<p>Curriculum Master en Sciences Dentaires Universit\u00e9 Catholique de LouvainPratique en cabinet dentaire priv\u00e9 depuis 2014 en tant que dentiste g\u00e9n\u00e9raliste. Philosophie Je privil\u00e9gie une approche prophylactique et globale de ma profession afin de pr\u00e9venir autant que possible l&rsquo;apparition de&nbsp;pathologies bucco-dentaires, et ce, d\u00e8s le plus jeune \u00e2ge.Pourquoi effectuer un traitement lourd et co\u00fbteux quand il [&hellip;]<\/p>\n","protected":false},"author":3,"featured_media":0,"parent":0,"menu_order":0,"comment_status":"closed","ping_status":"closed","template":"","meta":{"footnotes":""},"yoast_head":"<!-- This site is optimized with the Yoast SEO plugin v21.2 - https:\/\/yoast.com\/wordpress\/plugins\/seo\/ -->\n<title>Cl\u00e9mentine Damoiseau Dentiste | Cabinet dentaire Philippeville<\/title>\n<meta name=\"description\" content=\"Dentiste g\u00e9n\u00e9raliste Cl\u00e9mentine Damoiseau prodigue soins de qualit\u00e9 et traitement des urgences. Cabinet dentaire \u00e0 Philippeville. Enfants et adultes. Contr\u00f4les, d\u00e9tartrages, blanchiments.\" \/>\n<meta name=\"robots\" content=\"index, follow, max-snippet:-1, max-image-preview:large, max-video-preview:-1\" \/>\n<link rel=\"canonical\" href=\"https:\/\/www.clementine-damoiseau-dentiste.be\/\" \/>\n<meta property=\"og:locale\" content=\"fr_FR\" \/>\n<meta property=\"og:type\" content=\"article\" \/>\n<meta property=\"og:title\" content=\"Cl\u00e9mentine Damoiseau Dentiste | Cabinet dentaire Philippeville\" \/>\n<meta property=\"og:description\" content=\"Dentiste g\u00e9n\u00e9raliste Cl\u00e9mentine Damoiseau prodigue soins de qualit\u00e9 et traitement des urgences. Cabinet dentaire \u00e0 Philippeville. Enfants et adultes. Contr\u00f4les, d\u00e9tartrages, blanchiments.\" \/>\n<meta property=\"og:url\" content=\"https:\/\/www.clementine-damoiseau-dentiste.be\/\" \/>\n<meta property=\"og:site_name\" content=\"Dentiste Philippeville\" \/>\n<meta name=\"twitter:card\" content=\"summary_large_image\" \/>\n<meta name=\"twitter:label1\" content=\"Dur\u00e9e de lecture estim\u00e9e\" \/>\n\t<meta name=\"twitter:data1\" content=\"1 minute\" \/>\n<script type=\"application\/ld+json\" class=\"yoast-schema-graph\">{\"@context\":\"https:\/\/schema.org\",\"@graph\":[{\"@type\":\"WebPage\",\"@id\":\"https:\/\/www.clementine-damoiseau-dentiste.be\/\",\"url\":\"https:\/\/www.clementine-damoiseau-dentiste.be\/\",\"name\":\"Cl\u00e9mentine Damoiseau Dentiste | Cabinet dentaire Philippeville\",\"isPartOf\":{\"@id\":\"https:\/\/www.clementine-damoiseau-dentiste.be\/#website\"},\"datePublished\":\"2018-06-23T11:57:33+00:00\",\"dateModified\":\"2018-06-23T11:57:33+00:00\",\"description\":\"Dentiste g\u00e9n\u00e9raliste Cl\u00e9mentine Damoiseau prodigue soins de qualit\u00e9 et traitement des urgences. Cabinet dentaire \u00e0 Philippeville. Enfants et adultes. Contr\u00f4les, d\u00e9tartrages, blanchiments.\",\"breadcrumb\":{\"@id\":\"https:\/\/www.clementine-damoiseau-dentiste.be\/#breadcrumb\"},\"inLanguage\":\"fr-FR\",\"potentialAction\":[{\"@type\":\"ReadAction\",\"target\":[\"https:\/\/www.clementine-damoiseau-dentiste.be\/\"]}]},{\"@type\":\"BreadcrumbList\",\"@id\":\"https:\/\/www.clementine-damoiseau-dentiste.be\/#breadcrumb\",\"itemListElement\":[{\"@type\":\"ListItem\",\"position\":1,\"name\":\"Accueil\",\"item\":\"https:\/\/www.clementine-damoiseau-dentiste.be\/\"},{\"@type\":\"ListItem\",\"position\":2,\"name\":\"Cl\u00e9mentine Damoiseau &#8211; Dentiste G\u00e9n\u00e9raliste \u00e0 Philippeville\"}]},{\"@type\":\"WebSite\",\"@id\":\"https:\/\/www.clementine-damoiseau-dentiste.be\/#website\",\"url\":\"https:\/\/www.clementine-damoiseau-dentiste.be\/\",\"name\":\"Dentiste Philippeville\",\"description\":\"Soins dentaires de qualit\u00e9 pour adultes et enfants\",\"publisher\":{\"@id\":\"https:\/\/www.clementine-damoiseau-dentiste.be\/#organization\"},\"potentialAction\":[{\"@type\":\"SearchAction\",\"target\":{\"@type\":\"EntryPoint\",\"urlTemplate\":\"https:\/\/www.clementine-damoiseau-dentiste.be\/?s={search_term_string}\"},\"query-input\":\"required name=search_term_string\"}],\"inLanguage\":\"fr-FR\"},{\"@type\":\"Organization\",\"@id\":\"https:\/\/www.clementine-damoiseau-dentiste.be\/#organization\",\"name\":\"Dentiste Philippeville\",\"url\":\"https:\/\/www.clementine-damoiseau-dentiste.be\/\",\"logo\":{\"@type\":\"ImageObject\",\"inLanguage\":\"fr-FR\",\"@id\":\"https:\/\/www.clementine-damoiseau-dentiste.be\/#\/schema\/logo\/image\/\",\"url\":\"https:\/\/www.clementine-damoiseau-dentiste.be\/wp-content\/uploads\/2018\/08\/cropped-cropped-clementine-damoiseau-dentiste-generaliste-profondeville-namur-philippeville-franchimont.png\",\"contentUrl\":\"https:\/\/www.clementine-damoiseau-dentiste.be\/wp-content\/uploads\/2018\/08\/cropped-cropped-clementine-damoiseau-dentiste-generaliste-profondeville-namur-philippeville-franchimont.png\",\"width\":1499,\"height\":499,\"caption\":\"Dentiste Philippeville\"},\"image\":{\"@id\":\"https:\/\/www.clementine-damoiseau-dentiste.be\/#\/schema\/logo\/image\/\"}}]}<\/script>\n<!-- \/ Yoast SEO plugin. -->","yoast_head_json":{"title":"Cl\u00e9mentine Damoiseau Dentiste | Cabinet dentaire Philippeville","description":"Dentiste g\u00e9n\u00e9raliste Cl\u00e9mentine Damoiseau prodigue soins de qualit\u00e9 et traitement des urgences. Cabinet dentaire \u00e0 Philippeville. Enfants et adultes. Contr\u00f4les, d\u00e9tartrages, blanchiments.","robots":{"index":"index","follow":"follow","max-snippet":"max-snippet:-1","max-image-preview":"max-image-preview:large","max-video-preview":"max-video-preview:-1"},"canonical":"https:\/\/www.clementine-damoiseau-dentiste.be\/","og_locale":"fr_FR","og_type":"article","og_title":"Cl\u00e9mentine Damoiseau Dentiste | Cabinet dentaire Philippeville","og_description":"Dentiste g\u00e9n\u00e9raliste Cl\u00e9mentine Damoiseau prodigue soins de qualit\u00e9 et traitement des urgences. Cabinet dentaire \u00e0 Philippeville. Enfants et adultes. Contr\u00f4les, d\u00e9tartrages, blanchiments.","og_url":"https:\/\/www.clementine-damoiseau-dentiste.be\/","og_site_name":"Dentiste Philippeville","twitter_card":"summary_large_image","twitter_misc":{"Dur\u00e9e de lecture estim\u00e9e":"1 minute"},"schema":{"@context":"https:\/\/schema.org","@graph":[{"@type":"WebPage","@id":"https:\/\/www.clementine-damoiseau-dentiste.be\/","url":"https:\/\/www.clementine-damoiseau-dentiste.be\/","name":"Cl\u00e9mentine Damoiseau Dentiste | Cabinet dentaire Philippeville","isPartOf":{"@id":"https:\/\/www.clementine-damoiseau-dentiste.be\/#website"},"datePublished":"2018-06-23T11:57:33+00:00","dateModified":"2018-06-23T11:57:33+00:00","description":"Dentiste g\u00e9n\u00e9raliste Cl\u00e9mentine Damoiseau prodigue soins de qualit\u00e9 et traitement des urgences. Cabinet dentaire \u00e0 Philippeville. Enfants et adultes. Contr\u00f4les, d\u00e9tartrages, blanchiments.","breadcrumb":{"@id":"https:\/\/www.clementine-damoiseau-dentiste.be\/#breadcrumb"},"inLanguage":"fr-FR","potentialAction":[{"@type":"ReadAction","target":["https:\/\/www.clementine-damoiseau-dentiste.be\/"]}]},{"@type":"BreadcrumbList","@id":"https:\/\/www.clementine-damoiseau-dentiste.be\/#breadcrumb","itemListElement":[{"@type":"ListItem","position":1,"name":"Accueil","item":"https:\/\/www.clementine-damoiseau-dentiste.be\/"},{"@type":"ListItem","position":2,"name":"Cl\u00e9mentine Damoiseau &#8211; Dentiste G\u00e9n\u00e9raliste \u00e0 Philippeville"}]},{"@type":"WebSite","@id":"https:\/\/www.clementine-damoiseau-dentiste.be\/#website","url":"https:\/\/www.clementine-damoiseau-dentiste.be\/","name":"Dentiste Philippeville","description":"Soins dentaires de qualit\u00e9 pour adultes et enfants","publisher":{"@id":"https:\/\/www.clementine-damoiseau-dentiste.be\/#organization"},"potentialAction":[{"@type":"SearchAction","target":{"@type":"EntryPoint","urlTemplate":"https:\/\/www.clementine-damoiseau-dentiste.be\/?s={search_term_string}"},"query-input":"required name=search_term_string"}],"inLanguage":"fr-FR"},{"@type":"Organization","@id":"https:\/\/www.clementine-damoiseau-dentiste.be\/#organization","name":"Dentiste Philippeville","url":"https:\/\/www.clementine-damoiseau-dentiste.be\/","logo":{"@type":"ImageObject","inLanguage":"fr-FR","@id":"https:\/\/www.clementine-damoiseau-dentiste.be\/#\/schema\/logo\/image\/","url":"https:\/\/www.clementine-damoiseau-dentiste.be\/wp-content\/uploads\/2018\/08\/cropped-cropped-clementine-damoiseau-dentiste-generaliste-profondeville-namur-philippeville-franchimont.png","contentUrl":"https:\/\/www.clementine-damoiseau-dentiste.be\/wp-content\/uploads\/2018\/08\/cropped-cropped-clementine-damoiseau-dentiste-generaliste-profondeville-namur-philippeville-franchimont.png","width":1499,"height":499,"caption":"Dentiste Philippeville"},"image":{"@id":"https:\/\/www.clementine-damoiseau-dentiste.be\/#\/schema\/logo\/image\/"}}]}},"_links":{"self":[{"href":"https:\/\/www.clementine-damoiseau-dentiste.be\/index.php\/wp-json\/wp\/v2\/pages\/231"}],"collection":[{"href":"https:\/\/www.clementine-damoiseau-dentiste.be\/index.php\/wp-json\/wp\/v2\/pages"}],"about":[{"href":"https:\/\/www.clementine-damoiseau-dentiste.be\/index.php\/wp-json\/wp\/v2\/types\/page"}],"author":[{"embeddable":true,"href":"https:\/\/www.clementine-damoiseau-dentiste.be\/index.php\/wp-json\/wp\/v2\/users\/3"}],"replies":[{"embeddable":true,"href":"https:\/\/www.clementine-damoiseau-dentiste.be\/index.php\/wp-json\/wp\/v2\/comments?post=231"}],"version-history":[{"count":0,"href":"https:\/\/www.clementine-damoiseau-dentiste.be\/index.php\/wp-json\/wp\/v2\/pages\/231\/revisions"}],"wp:attachment":[{"href":"https:\/\/www.clementine-damoiseau-dentiste.be\/index.php\/wp-json\/wp\/v2\/media?parent=231"}],"curies":[{"name":"wp","href":"https:\/\/api.w.org\/{rel}","templated":true}]}}