{"id":32,"date":"2018-06-24T00:30:20","date_gmt":"2018-06-23T22:30:20","guid":{"rendered":"http:\/\/clementine-damoiseau-dentiste.be\/?page_id=32"},"modified":"2025-06-20T10:31:26","modified_gmt":"2025-06-20T09:31:26","slug":"services-cabinet-dentaire-philippeville","status":"publish","type":"page","link":"https:\/\/www.clementine-damoiseau-dentiste.be\/index.php\/services-cabinet-dentaire-philippeville\/","title":{"rendered":"Sp\u00e9cialit\u00e9s"},"content":{"rendered":"<h2>Pr\u00e9vention<\/h2>\n<p>Contr\u00f4les annuels<\/p>\n<h2>Soins dentaires<\/h2>\n<p>Traitements endodontiques, obturations composites<\/p>\n<h2>Parodontologie<\/h2>\n<p>D\u00e9tartrages, surfa\u00e7ages<\/p>\n<h2>Implantologie<\/h2>\n<p>Couronnes sur implants<\/p>\n<h2>Esth\u00e9tique dentaire<\/h2>\n<p>Blanchiments, composites esth\u00e9tiques<\/p>\n<h2>Autres<\/h2>\n<p>Goutti\u00e8res de d\u00e9socclusion et traitement des urgences<\/p>\n","protected":false},"excerpt":{"rendered":"<p>Pr\u00e9vention Contr\u00f4les annuels Soins dentaires Traitements endodontiques, obturations composites Parodontologie D\u00e9tartrages, surfa\u00e7ages Implantologie Couronnes sur implants Esth\u00e9tique dentaire Blanchiments, composites esth\u00e9tiques Autres Goutti\u00e8res de d\u00e9socclusion et traitement des urgences<\/p>\n","protected":false},"author":3,"featured_media":0,"parent":0,"menu_order":0,"comment_status":"closed","ping_status":"closed","template":"","meta":{"footnotes":""},"yoast_head":"<!-- This site is optimized with the Yoast SEO plugin v21.2 - https:\/\/yoast.com\/wordpress\/plugins\/seo\/ -->\n<title>Sp\u00e9cialit\u00e9s &amp; Comp\u00e9tences | Dentiste Philippeville Cl\u00e9mentine Damoiseau<\/title>\n<meta name=\"description\" content=\"Votre dentiste \u00e0 Philippeville : contr\u00f4les, d\u00e9tartrages, blanchiments, placements d&#039;implants, traitement des douleurs et caries, proth\u00e8ses, et autres soins dentaires.\" \/>\n<meta name=\"robots\" content=\"index, follow, max-snippet:-1, max-image-preview:large, max-video-preview:-1\" \/>\n<link rel=\"canonical\" href=\"https:\/\/www.clementine-damoiseau-dentiste.be\/index.php\/services-cabinet-dentaire-philippeville\/\" \/>\n<meta property=\"og:locale\" content=\"fr_FR\" \/>\n<meta property=\"og:type\" content=\"article\" \/>\n<meta property=\"og:title\" content=\"Sp\u00e9cialit\u00e9s &amp; Comp\u00e9tences | Dentiste Philippeville Cl\u00e9mentine Damoiseau\" \/>\n<meta property=\"og:description\" content=\"Votre dentiste \u00e0 Philippeville : contr\u00f4les, d\u00e9tartrages, blanchiments, placements d&#039;implants, traitement des douleurs et caries, proth\u00e8ses, et autres soins dentaires.\" \/>\n<meta property=\"og:url\" content=\"https:\/\/www.clementine-damoiseau-dentiste.be\/index.php\/services-cabinet-dentaire-philippeville\/\" \/>\n<meta property=\"og:site_name\" content=\"Dentiste Philippeville\" \/>\n<meta property=\"article:modified_time\" content=\"2025-06-20T09:31:26+00:00\" \/>\n<meta name=\"twitter:card\" content=\"summary_large_image\" \/>\n<meta name=\"twitter:label1\" content=\"Dur\u00e9e de lecture estim\u00e9e\" \/>\n\t<meta name=\"twitter:data1\" content=\"1 minute\" \/>\n<script type=\"application\/ld+json\" class=\"yoast-schema-graph\">{\"@context\":\"https:\/\/schema.org\",\"@graph\":[{\"@type\":\"WebPage\",\"@id\":\"https:\/\/www.clementine-damoiseau-dentiste.be\/index.php\/services-cabinet-dentaire-philippeville\/\",\"url\":\"https:\/\/www.clementine-damoiseau-dentiste.be\/index.php\/services-cabinet-dentaire-philippeville\/\",\"name\":\"Sp\u00e9cialit\u00e9s & Comp\u00e9tences | Dentiste Philippeville Cl\u00e9mentine Damoiseau\",\"isPartOf\":{\"@id\":\"https:\/\/www.clementine-damoiseau-dentiste.be\/#website\"},\"datePublished\":\"2018-06-23T22:30:20+00:00\",\"dateModified\":\"2025-06-20T09:31:26+00:00\",\"description\":\"Votre dentiste \u00e0 Philippeville : contr\u00f4les, d\u00e9tartrages, blanchiments, placements d'implants, traitement des douleurs et caries, proth\u00e8ses, et autres soins dentaires.\",\"breadcrumb\":{\"@id\":\"https:\/\/www.clementine-damoiseau-dentiste.be\/index.php\/services-cabinet-dentaire-philippeville\/#breadcrumb\"},\"inLanguage\":\"fr-FR\",\"potentialAction\":[{\"@type\":\"ReadAction\",\"target\":[\"https:\/\/www.clementine-damoiseau-dentiste.be\/index.php\/services-cabinet-dentaire-philippeville\/\"]}]},{\"@type\":\"BreadcrumbList\",\"@id\":\"https:\/\/www.clementine-damoiseau-dentiste.be\/index.php\/services-cabinet-dentaire-philippeville\/#breadcrumb\",\"itemListElement\":[{\"@type\":\"ListItem\",\"position\":1,\"name\":\"Accueil\",\"item\":\"https:\/\/www.clementine-damoiseau-dentiste.be\/\"},{\"@type\":\"ListItem\",\"position\":2,\"name\":\"Sp\u00e9cialit\u00e9s\"}]},{\"@type\":\"WebSite\",\"@id\":\"https:\/\/www.clementine-damoiseau-dentiste.be\/#website\",\"url\":\"https:\/\/www.clementine-damoiseau-dentiste.be\/\",\"name\":\"Dentiste Philippeville\",\"description\":\"Soins dentaires de qualit\u00e9 pour adultes et enfants\",\"publisher\":{\"@id\":\"https:\/\/www.clementine-damoiseau-dentiste.be\/#organization\"},\"potentialAction\":[{\"@type\":\"SearchAction\",\"target\":{\"@type\":\"EntryPoint\",\"urlTemplate\":\"https:\/\/www.clementine-damoiseau-dentiste.be\/?s={search_term_string}\"},\"query-input\":\"required name=search_term_string\"}],\"inLanguage\":\"fr-FR\"},{\"@type\":\"Organization\",\"@id\":\"https:\/\/www.clementine-damoiseau-dentiste.be\/#organization\",\"name\":\"Dentiste Philippeville\",\"url\":\"https:\/\/www.clementine-damoiseau-dentiste.be\/\",\"logo\":{\"@type\":\"ImageObject\",\"inLanguage\":\"fr-FR\",\"@id\":\"https:\/\/www.clementine-damoiseau-dentiste.be\/#\/schema\/logo\/image\/\",\"url\":\"https:\/\/www.clementine-damoiseau-dentiste.be\/wp-content\/uploads\/2018\/08\/cropped-cropped-clementine-damoiseau-dentiste-generaliste-profondeville-namur-philippeville-franchimont.png\",\"contentUrl\":\"https:\/\/www.clementine-damoiseau-dentiste.be\/wp-content\/uploads\/2018\/08\/cropped-cropped-clementine-damoiseau-dentiste-generaliste-profondeville-namur-philippeville-franchimont.png\",\"width\":1499,\"height\":499,\"caption\":\"Dentiste Philippeville\"},\"image\":{\"@id\":\"https:\/\/www.clementine-damoiseau-dentiste.be\/#\/schema\/logo\/image\/\"}}]}<\/script>\n<!-- \/ Yoast SEO plugin. -->","yoast_head_json":{"title":"Sp\u00e9cialit\u00e9s & Comp\u00e9tences | Dentiste Philippeville Cl\u00e9mentine Damoiseau","description":"Votre dentiste \u00e0 Philippeville : contr\u00f4les, d\u00e9tartrages, blanchiments, placements d'implants, traitement des douleurs et caries, proth\u00e8ses, et autres soins dentaires.","robots":{"index":"index","follow":"follow","max-snippet":"max-snippet:-1","max-image-preview":"max-image-preview:large","max-video-preview":"max-video-preview:-1"},"canonical":"https:\/\/www.clementine-damoiseau-dentiste.be\/index.php\/services-cabinet-dentaire-philippeville\/","og_locale":"fr_FR","og_type":"article","og_title":"Sp\u00e9cialit\u00e9s & Comp\u00e9tences | Dentiste Philippeville Cl\u00e9mentine Damoiseau","og_description":"Votre dentiste \u00e0 Philippeville : contr\u00f4les, d\u00e9tartrages, blanchiments, placements d'implants, traitement des douleurs et caries, proth\u00e8ses, et autres soins dentaires.","og_url":"https:\/\/www.clementine-damoiseau-dentiste.be\/index.php\/services-cabinet-dentaire-philippeville\/","og_site_name":"Dentiste Philippeville","article_modified_time":"2025-06-20T09:31:26+00:00","twitter_card":"summary_large_image","twitter_misc":{"Dur\u00e9e de lecture estim\u00e9e":"1 minute"},"schema":{"@context":"https:\/\/schema.org","@graph":[{"@type":"WebPage","@id":"https:\/\/www.clementine-damoiseau-dentiste.be\/index.php\/services-cabinet-dentaire-philippeville\/","url":"https:\/\/www.clementine-damoiseau-dentiste.be\/index.php\/services-cabinet-dentaire-philippeville\/","name":"Sp\u00e9cialit\u00e9s & Comp\u00e9tences | Dentiste Philippeville Cl\u00e9mentine Damoiseau","isPartOf":{"@id":"https:\/\/www.clementine-damoiseau-dentiste.be\/#website"},"datePublished":"2018-06-23T22:30:20+00:00","dateModified":"2025-06-20T09:31:26+00:00","description":"Votre dentiste \u00e0 Philippeville : contr\u00f4les, d\u00e9tartrages, blanchiments, placements d'implants, traitement des douleurs et caries, proth\u00e8ses, et autres soins dentaires.","breadcrumb":{"@id":"https:\/\/www.clementine-damoiseau-dentiste.be\/index.php\/services-cabinet-dentaire-philippeville\/#breadcrumb"},"inLanguage":"fr-FR","potentialAction":[{"@type":"ReadAction","target":["https:\/\/www.clementine-damoiseau-dentiste.be\/index.php\/services-cabinet-dentaire-philippeville\/"]}]},{"@type":"BreadcrumbList","@id":"https:\/\/www.clementine-damoiseau-dentiste.be\/index.php\/services-cabinet-dentaire-philippeville\/#breadcrumb","itemListElement":[{"@type":"ListItem","position":1,"name":"Accueil","item":"https:\/\/www.clementine-damoiseau-dentiste.be\/"},{"@type":"ListItem","position":2,"name":"Sp\u00e9cialit\u00e9s"}]},{"@type":"WebSite","@id":"https:\/\/www.clementine-damoiseau-dentiste.be\/#website","url":"https:\/\/www.clementine-damoiseau-dentiste.be\/","name":"Dentiste Philippeville","description":"Soins dentaires de qualit\u00e9 pour adultes et enfants","publisher":{"@id":"https:\/\/www.clementine-damoiseau-dentiste.be\/#organization"},"potentialAction":[{"@type":"SearchAction","target":{"@type":"EntryPoint","urlTemplate":"https:\/\/www.clementine-damoiseau-dentiste.be\/?s={search_term_string}"},"query-input":"required name=search_term_string"}],"inLanguage":"fr-FR"},{"@type":"Organization","@id":"https:\/\/www.clementine-damoiseau-dentiste.be\/#organization","name":"Dentiste Philippeville","url":"https:\/\/www.clementine-damoiseau-dentiste.be\/","logo":{"@type":"ImageObject","inLanguage":"fr-FR","@id":"https:\/\/www.clementine-damoiseau-dentiste.be\/#\/schema\/logo\/image\/","url":"https:\/\/www.clementine-damoiseau-dentiste.be\/wp-content\/uploads\/2018\/08\/cropped-cropped-clementine-damoiseau-dentiste-generaliste-profondeville-namur-philippeville-franchimont.png","contentUrl":"https:\/\/www.clementine-damoiseau-dentiste.be\/wp-content\/uploads\/2018\/08\/cropped-cropped-clementine-damoiseau-dentiste-generaliste-profondeville-namur-philippeville-franchimont.png","width":1499,"height":499,"caption":"Dentiste Philippeville"},"image":{"@id":"https:\/\/www.clementine-damoiseau-dentiste.be\/#\/schema\/logo\/image\/"}}]}},"_links":{"self":[{"href":"https:\/\/www.clementine-damoiseau-dentiste.be\/index.php\/wp-json\/wp\/v2\/pages\/32"}],"collection":[{"href":"https:\/\/www.clementine-damoiseau-dentiste.be\/index.php\/wp-json\/wp\/v2\/pages"}],"about":[{"href":"https:\/\/www.clementine-damoiseau-dentiste.be\/index.php\/wp-json\/wp\/v2\/types\/page"}],"author":[{"embeddable":true,"href":"https:\/\/www.clementine-damoiseau-dentiste.be\/index.php\/wp-json\/wp\/v2\/users\/3"}],"replies":[{"embeddable":true,"href":"https:\/\/www.clementine-damoiseau-dentiste.be\/index.php\/wp-json\/wp\/v2\/comments?post=32"}],"version-history":[{"count":1,"href":"https:\/\/www.clementine-damoiseau-dentiste.be\/index.php\/wp-json\/wp\/v2\/pages\/32\/revisions"}],"predecessor-version":[{"id":303,"href":"https:\/\/www.clementine-damoiseau-dentiste.be\/index.php\/wp-json\/wp\/v2\/pages\/32\/revisions\/303"}],"wp:attachment":[{"href":"https:\/\/www.clementine-damoiseau-dentiste.be\/index.php\/wp-json\/wp\/v2\/media?parent=32"}],"curies":[{"name":"wp","href":"https:\/\/api.w.org\/{rel}","templated":true}]}}