{"id":7,"date":"2018-06-23T23:26:28","date_gmt":"2018-06-23T21:26:28","guid":{"rendered":"http:\/\/clementine-damoiseau-dentiste.be\/?page_id=7"},"modified":"2026-02-13T10:57:37","modified_gmt":"2026-02-13T09:57:37","slug":"contact-dentiste-philippeville-franchimont","status":"publish","type":"page","link":"https:\/\/www.clementine-damoiseau-dentiste.be\/index.php\/contact-dentiste-philippeville-franchimont\/","title":{"rendered":"Contact"},"content":{"rendered":"\n<div class=\"wp-block-buttons is-layout-flex wp-block-buttons-is-layout-flex\">\n<div class=\"wp-block-button\"><a class=\"wp-block-button__link wp-element-button\" href=\"http:\/\/agenda.mobminder.com\/dentistedamoiseau\" target=\"_blank\" rel=\"noreferrer noopener\">Prendre rendez-vous au cabinet de Franchimont (Philippeville)<\/a><\/div>\n<\/div>\n\n\n<h2>Adresse<\/h2>\n<p>Rue Mont de Coliat 24 A<br \/>5600 Franchimont (Philippeville)<\/p>\n<h2>GSM<\/h2>\n<p>0493 34 10 10<br \/>Contactez-moi uniquement par SMS<\/p>\n<h2>Horaire :<\/h2>\n<p><strong><span style=\"color: #ff6600;\">Le cabinet est ferm\u00e9 jusqu&rsquo;au 26 f\u00e9vrier 2026<\/span><\/strong><\/p>\n<p>Lundi\u00a0 \u00a0 \u00a0 \u00a0 \u00a0 8h00 \u00e0 16h00<\/p>\n<p>Mardi\u00a0 \u00a0 \u00a0 \u00a0 \u00a0 8h00 \u00e0 16h00<\/p>\n<p>Mercredi\u00a0 \u00a0 8h00 \u00e0 16h00<\/p>\n<p>Jeudi\u00a0 \u00a0 \u00a0 \u00a0 \u00a0 \u00a08h00 \u00e0 16h00<\/p>\n<p>Les derniers rendez-vous de la journ\u00e9e sont consacr\u00e9s aux urgences<\/p>\n<h2>D\u00e9lais RDV :<\/h2>\n<p>Nouveau patient :\u00a0<span style=\"color: #ff6600;\">les d\u00e9lais sont d&rsquo;environ 5-6 mois<\/span><\/p>\n<p>D\u00e9j\u00e0 patient : environ 3 mois<\/p>\n<h2>Urgences :<\/h2>\n<p>Je g\u00e8re uniquement les urgences des patients du cabinet qui r\u00e9alisent leur contr\u00f4le annuel.<\/p>\n<h2>Parking &amp; accessibilit\u00e9 :<\/h2>\n<p>Il est ais\u00e9 de garer votre v\u00e9hicule juste devant le cabinet.<br \/>Accessible aux personnes \u00e0 mobilit\u00e9 r\u00e9duite.<\/p>\n<p><iframe loading=\"lazy\" style=\"border: 0;\" src=\"https:\/\/www.google.com\/maps\/embed?pb=!1m18!1m12!1m3!1d2554.5158700670936!2d4.63938141645075!3d50.188887579440255!2m3!1f0!2f0!3f0!3m2!1i1024!2i768!4f13.1!3m3!1m2!1s0x47c19bc7e15834ef%3A0xa9b12f0bddc4e55b!2sCl%C3%A9mentine%20Damoiseau%20Dentiste!5e0!3m2!1sfr!2sbe!4v1665597315184!5m2!1sfr!2sbe\" width=\"800\" height=\"600\" allowfullscreen=\"allowfullscreen\"><\/iframe><\/p>\n<h2>Pour une collaboration optimale :<\/h2>\n<p><strong>Ponctualit\u00e9<\/strong> : pour le respect des autres patients, je vous invite \u00e0 vous pr\u00e9senter au cabinet dentaire \u00e0 l&rsquo;heure pr\u00e9vue du rendez-vous.<br \/><strong>Documents<\/strong> : veuillez vous munir de votre carte d&rsquo;identit\u00e9 et des \u00e9ventuels documents d&rsquo;assurance\/mutuelle.<br \/><strong>Annulation<\/strong> : veuillez pr\u00e9venir minimum 48 heures ouvrables \u00e0 l&rsquo;avance par SMS afin d&rsquo;\u00e9viter un suppl\u00e9ment.<br \/><strong>Paiement<\/strong> : Bancontact, Visa, Mastercard, esp\u00e8ces<\/p>\n\n\n<div class=\"wp-block-file\"><a id=\"wp-block-file--media-b4090a10-cb81-485b-b5ba-0697fb3c3bbc\" href=\"https:\/\/www.foucart.me\/dentiste_ClementineDamoiseau\/wp-content\/uploads\/2022\/11\/conditions-generales-dentiste-damoiseau.pdf\">Conditions G\u00e9n\u00e9rales<\/a><a href=\"https:\/\/www.foucart.me\/dentiste_ClementineDamoiseau\/wp-content\/uploads\/2022\/11\/conditions-generales-dentiste-damoiseau.pdf\" class=\"wp-block-file__button wp-element-button\" download aria-describedby=\"wp-block-file--media-b4090a10-cb81-485b-b5ba-0697fb3c3bbc\">T\u00e9l\u00e9charger<\/a><\/div>\n\n\n\n<div class=\"wp-block-file\"><a id=\"wp-block-file--media-56a5dcaa-ddc4-47af-ae60-749a780ef738\" href=\"https:\/\/www.foucart.me\/dentiste_ClementineDamoiseau\/wp-content\/uploads\/2022\/11\/RGPD-damoiseau-dentiste.pdf\">RGPD<\/a><a href=\"https:\/\/www.foucart.me\/dentiste_ClementineDamoiseau\/wp-content\/uploads\/2022\/11\/RGPD-damoiseau-dentiste.pdf\" class=\"wp-block-file__button wp-element-button\" download aria-describedby=\"wp-block-file--media-56a5dcaa-ddc4-47af-ae60-749a780ef738\">T\u00e9l\u00e9charger<\/a><\/div>\n\n\n\n<div class=\"wp-block-file\"><a id=\"wp-block-file--media-e675d129-c093-40f2-bdd1-86edb442ba5b\" href=\"https:\/\/www.clementine-damoiseau-dentiste.be\/wp-content\/uploads\/2024\/03\/Image-126.pdf\">Honoraires<\/a><a href=\"https:\/\/www.clementine-damoiseau-dentiste.be\/wp-content\/uploads\/2024\/03\/Image-126.pdf\" class=\"wp-block-file__button wp-element-button\" download aria-describedby=\"wp-block-file--media-e675d129-c093-40f2-bdd1-86edb442ba5b\">T\u00e9l\u00e9charger<\/a><\/div>\n","protected":false},"excerpt":{"rendered":"<p>Adresse Rue Mont de Coliat 24 A5600 Franchimont (Philippeville) GSM 0493 34 10 10Contactez-moi uniquement par SMS Horaire : Le cabinet est ferm\u00e9 jusqu&rsquo;au 26 f\u00e9vrier 2026 Lundi\u00a0 \u00a0 \u00a0 \u00a0 \u00a0 8h00 \u00e0 16h00 Mardi\u00a0 \u00a0 \u00a0 \u00a0 \u00a0 8h00 \u00e0 16h00 Mercredi\u00a0 \u00a0 8h00 \u00e0 16h00 Jeudi\u00a0 \u00a0 \u00a0 \u00a0 \u00a0 \u00a08h00 \u00e0 [&hellip;]<\/p>\n","protected":false},"author":3,"featured_media":0,"parent":0,"menu_order":0,"comment_status":"closed","ping_status":"closed","template":"","meta":{"footnotes":""},"yoast_head":"<!-- This site is optimized with the Yoast SEO plugin v21.2 - https:\/\/yoast.com\/wordpress\/plugins\/seo\/ -->\n<title>Contact &amp; Rendez-vous | Dentiste Philippeville Cl\u00e9mentine Damoiseau<\/title>\n<meta name=\"description\" content=\"Rendez-vous &amp; urgences : dentiste Damoiseau \u00e0 Philippeville. Tiers payant et tarifs conventionn\u00e9s d&#039;application*\" \/>\n<meta name=\"robots\" content=\"index, follow, max-snippet:-1, max-image-preview:large, max-video-preview:-1\" \/>\n<link rel=\"canonical\" href=\"https:\/\/www.clementine-damoiseau-dentiste.be\/index.php\/contact-dentiste-philippeville-franchimont\/\" \/>\n<meta property=\"og:locale\" content=\"fr_FR\" \/>\n<meta property=\"og:type\" content=\"article\" \/>\n<meta property=\"og:title\" content=\"Contact &amp; Rendez-vous | Dentiste Philippeville Cl\u00e9mentine Damoiseau\" \/>\n<meta property=\"og:description\" content=\"Rendez-vous &amp; urgences : dentiste Damoiseau \u00e0 Philippeville. Tiers payant et tarifs conventionn\u00e9s d&#039;application*\" \/>\n<meta property=\"og:url\" content=\"https:\/\/www.clementine-damoiseau-dentiste.be\/index.php\/contact-dentiste-philippeville-franchimont\/\" \/>\n<meta property=\"og:site_name\" content=\"Dentiste Philippeville\" \/>\n<meta property=\"article:modified_time\" content=\"2026-02-13T09:57:37+00:00\" \/>\n<meta name=\"twitter:card\" content=\"summary_large_image\" \/>\n<meta name=\"twitter:label1\" content=\"Dur\u00e9e de lecture estim\u00e9e\" \/>\n\t<meta name=\"twitter:data1\" content=\"1 minute\" \/>\n<script type=\"application\/ld+json\" class=\"yoast-schema-graph\">{\"@context\":\"https:\/\/schema.org\",\"@graph\":[{\"@type\":\"WebPage\",\"@id\":\"https:\/\/www.clementine-damoiseau-dentiste.be\/index.php\/contact-dentiste-philippeville-franchimont\/\",\"url\":\"https:\/\/www.clementine-damoiseau-dentiste.be\/index.php\/contact-dentiste-philippeville-franchimont\/\",\"name\":\"Contact & Rendez-vous | Dentiste Philippeville Cl\u00e9mentine Damoiseau\",\"isPartOf\":{\"@id\":\"https:\/\/www.clementine-damoiseau-dentiste.be\/#website\"},\"datePublished\":\"2018-06-23T21:26:28+00:00\",\"dateModified\":\"2026-02-13T09:57:37+00:00\",\"description\":\"Rendez-vous & urgences : dentiste Damoiseau \u00e0 Philippeville. Tiers payant et tarifs conventionn\u00e9s d'application*\",\"breadcrumb\":{\"@id\":\"https:\/\/www.clementine-damoiseau-dentiste.be\/index.php\/contact-dentiste-philippeville-franchimont\/#breadcrumb\"},\"inLanguage\":\"fr-FR\",\"potentialAction\":[{\"@type\":\"ReadAction\",\"target\":[\"https:\/\/www.clementine-damoiseau-dentiste.be\/index.php\/contact-dentiste-philippeville-franchimont\/\"]}]},{\"@type\":\"BreadcrumbList\",\"@id\":\"https:\/\/www.clementine-damoiseau-dentiste.be\/index.php\/contact-dentiste-philippeville-franchimont\/#breadcrumb\",\"itemListElement\":[{\"@type\":\"ListItem\",\"position\":1,\"name\":\"Accueil\",\"item\":\"https:\/\/www.clementine-damoiseau-dentiste.be\/\"},{\"@type\":\"ListItem\",\"position\":2,\"name\":\"Contact\"}]},{\"@type\":\"WebSite\",\"@id\":\"https:\/\/www.clementine-damoiseau-dentiste.be\/#website\",\"url\":\"https:\/\/www.clementine-damoiseau-dentiste.be\/\",\"name\":\"Dentiste Philippeville\",\"description\":\"Soins dentaires de qualit\u00e9 pour adultes et enfants\",\"publisher\":{\"@id\":\"https:\/\/www.clementine-damoiseau-dentiste.be\/#organization\"},\"potentialAction\":[{\"@type\":\"SearchAction\",\"target\":{\"@type\":\"EntryPoint\",\"urlTemplate\":\"https:\/\/www.clementine-damoiseau-dentiste.be\/?s={search_term_string}\"},\"query-input\":\"required name=search_term_string\"}],\"inLanguage\":\"fr-FR\"},{\"@type\":\"Organization\",\"@id\":\"https:\/\/www.clementine-damoiseau-dentiste.be\/#organization\",\"name\":\"Dentiste Philippeville\",\"url\":\"https:\/\/www.clementine-damoiseau-dentiste.be\/\",\"logo\":{\"@type\":\"ImageObject\",\"inLanguage\":\"fr-FR\",\"@id\":\"https:\/\/www.clementine-damoiseau-dentiste.be\/#\/schema\/logo\/image\/\",\"url\":\"https:\/\/www.clementine-damoiseau-dentiste.be\/wp-content\/uploads\/2018\/08\/cropped-cropped-clementine-damoiseau-dentiste-generaliste-profondeville-namur-philippeville-franchimont.png\",\"contentUrl\":\"https:\/\/www.clementine-damoiseau-dentiste.be\/wp-content\/uploads\/2018\/08\/cropped-cropped-clementine-damoiseau-dentiste-generaliste-profondeville-namur-philippeville-franchimont.png\",\"width\":1499,\"height\":499,\"caption\":\"Dentiste Philippeville\"},\"image\":{\"@id\":\"https:\/\/www.clementine-damoiseau-dentiste.be\/#\/schema\/logo\/image\/\"}}]}<\/script>\n<!-- \/ Yoast SEO plugin. -->","yoast_head_json":{"title":"Contact & Rendez-vous | Dentiste Philippeville Cl\u00e9mentine Damoiseau","description":"Rendez-vous & urgences : dentiste Damoiseau \u00e0 Philippeville. Tiers payant et tarifs conventionn\u00e9s d'application*","robots":{"index":"index","follow":"follow","max-snippet":"max-snippet:-1","max-image-preview":"max-image-preview:large","max-video-preview":"max-video-preview:-1"},"canonical":"https:\/\/www.clementine-damoiseau-dentiste.be\/index.php\/contact-dentiste-philippeville-franchimont\/","og_locale":"fr_FR","og_type":"article","og_title":"Contact & Rendez-vous | Dentiste Philippeville Cl\u00e9mentine Damoiseau","og_description":"Rendez-vous & urgences : dentiste Damoiseau \u00e0 Philippeville. Tiers payant et tarifs conventionn\u00e9s d'application*","og_url":"https:\/\/www.clementine-damoiseau-dentiste.be\/index.php\/contact-dentiste-philippeville-franchimont\/","og_site_name":"Dentiste Philippeville","article_modified_time":"2026-02-13T09:57:37+00:00","twitter_card":"summary_large_image","twitter_misc":{"Dur\u00e9e de lecture estim\u00e9e":"1 minute"},"schema":{"@context":"https:\/\/schema.org","@graph":[{"@type":"WebPage","@id":"https:\/\/www.clementine-damoiseau-dentiste.be\/index.php\/contact-dentiste-philippeville-franchimont\/","url":"https:\/\/www.clementine-damoiseau-dentiste.be\/index.php\/contact-dentiste-philippeville-franchimont\/","name":"Contact & Rendez-vous | Dentiste Philippeville Cl\u00e9mentine Damoiseau","isPartOf":{"@id":"https:\/\/www.clementine-damoiseau-dentiste.be\/#website"},"datePublished":"2018-06-23T21:26:28+00:00","dateModified":"2026-02-13T09:57:37+00:00","description":"Rendez-vous & urgences : dentiste Damoiseau \u00e0 Philippeville. Tiers payant et tarifs conventionn\u00e9s d'application*","breadcrumb":{"@id":"https:\/\/www.clementine-damoiseau-dentiste.be\/index.php\/contact-dentiste-philippeville-franchimont\/#breadcrumb"},"inLanguage":"fr-FR","potentialAction":[{"@type":"ReadAction","target":["https:\/\/www.clementine-damoiseau-dentiste.be\/index.php\/contact-dentiste-philippeville-franchimont\/"]}]},{"@type":"BreadcrumbList","@id":"https:\/\/www.clementine-damoiseau-dentiste.be\/index.php\/contact-dentiste-philippeville-franchimont\/#breadcrumb","itemListElement":[{"@type":"ListItem","position":1,"name":"Accueil","item":"https:\/\/www.clementine-damoiseau-dentiste.be\/"},{"@type":"ListItem","position":2,"name":"Contact"}]},{"@type":"WebSite","@id":"https:\/\/www.clementine-damoiseau-dentiste.be\/#website","url":"https:\/\/www.clementine-damoiseau-dentiste.be\/","name":"Dentiste Philippeville","description":"Soins dentaires de qualit\u00e9 pour adultes et enfants","publisher":{"@id":"https:\/\/www.clementine-damoiseau-dentiste.be\/#organization"},"potentialAction":[{"@type":"SearchAction","target":{"@type":"EntryPoint","urlTemplate":"https:\/\/www.clementine-damoiseau-dentiste.be\/?s={search_term_string}"},"query-input":"required name=search_term_string"}],"inLanguage":"fr-FR"},{"@type":"Organization","@id":"https:\/\/www.clementine-damoiseau-dentiste.be\/#organization","name":"Dentiste Philippeville","url":"https:\/\/www.clementine-damoiseau-dentiste.be\/","logo":{"@type":"ImageObject","inLanguage":"fr-FR","@id":"https:\/\/www.clementine-damoiseau-dentiste.be\/#\/schema\/logo\/image\/","url":"https:\/\/www.clementine-damoiseau-dentiste.be\/wp-content\/uploads\/2018\/08\/cropped-cropped-clementine-damoiseau-dentiste-generaliste-profondeville-namur-philippeville-franchimont.png","contentUrl":"https:\/\/www.clementine-damoiseau-dentiste.be\/wp-content\/uploads\/2018\/08\/cropped-cropped-clementine-damoiseau-dentiste-generaliste-profondeville-namur-philippeville-franchimont.png","width":1499,"height":499,"caption":"Dentiste Philippeville"},"image":{"@id":"https:\/\/www.clementine-damoiseau-dentiste.be\/#\/schema\/logo\/image\/"}}]}},"_links":{"self":[{"href":"https:\/\/www.clementine-damoiseau-dentiste.be\/index.php\/wp-json\/wp\/v2\/pages\/7"}],"collection":[{"href":"https:\/\/www.clementine-damoiseau-dentiste.be\/index.php\/wp-json\/wp\/v2\/pages"}],"about":[{"href":"https:\/\/www.clementine-damoiseau-dentiste.be\/index.php\/wp-json\/wp\/v2\/types\/page"}],"author":[{"embeddable":true,"href":"https:\/\/www.clementine-damoiseau-dentiste.be\/index.php\/wp-json\/wp\/v2\/users\/3"}],"replies":[{"embeddable":true,"href":"https:\/\/www.clementine-damoiseau-dentiste.be\/index.php\/wp-json\/wp\/v2\/comments?post=7"}],"version-history":[{"count":31,"href":"https:\/\/www.clementine-damoiseau-dentiste.be\/index.php\/wp-json\/wp\/v2\/pages\/7\/revisions"}],"predecessor-version":[{"id":326,"href":"https:\/\/www.clementine-damoiseau-dentiste.be\/index.php\/wp-json\/wp\/v2\/pages\/7\/revisions\/326"}],"wp:attachment":[{"href":"https:\/\/www.clementine-damoiseau-dentiste.be\/index.php\/wp-json\/wp\/v2\/media?parent=7"}],"curies":[{"name":"wp","href":"https:\/\/api.w.org\/{rel}","templated":true}]}}